{"id":8329,"date":"2019-07-05T15:19:55","date_gmt":"2019-07-05T13:19:55","guid":{"rendered":"https:\/\/muenchner-hof.de\/imprint"},"modified":"2019-07-05T15:19:56","modified_gmt":"2019-07-05T13:19:56","slug":"imprint","status":"publish","type":"page","link":"https:\/\/muenchner-hof.de\/en\/imprint","title":{"rendered":"Imprint"},"content":{"rendered":"<section class=\"wpb-content-wrapper\"><p>[vc_row][vc_column][vc_empty_space height=&#8221;&#8221; el_class=&#8221;vertspace&#8221;][\/vc_column][\/vc_row][vc_row][vc_column][vc_column_text]<\/p>\n<h1>Imprint<\/h1>\n<h2>Angaben gem\u00e4\u00df \u00a7 5 TMG:<\/h2>\n<p>Hotel M\u00fcnchner Hof Karin Helmberger OHG<br \/>\nT\u00e4ndlergasse 9<br \/>\n93047 Regensburg<\/p>\n<h2>Vertreten durch:<\/h2>\n<p>Frau Karin Helmberger,<br \/>\nFrau Kathrin Fuchshuber<\/p>\n<h2>Kontakt:<\/h2>\n<p>Telefon: +49 (0)941 58440<br \/>\nTelefax: +49 (0)941 561709<br \/>\nE-Mail: info@muenchner-hof.de<\/p>\n<h2>Registereintrag:<\/h2>\n<p>Eintragung im Handelsregister.<br \/>\nRegistergericht:Registergericht Regensburg<br \/>\nRegisternummer: HRA 3463<\/p>\n<h2>Umsatzsteuer:<\/h2>\n<p>Umsatzsteuer-Identifikationsnummer gem\u00e4\u00df \u00a727 a Umsatzsteuergesetz: DE264054551<\/p>\n<h2>Aufsichtsbeh\u00f6rde:<\/h2>\n<p>Industrie und Handelskammer Regensburg<br \/>\nD.-Martin-Luther-Stra\u00dfe 12<br \/>\n93047 Regensburg<\/p>\n<p><a href=\"https:\/\/www.ihk-regensburg.de\/\" target=\"_blank\" rel=\"noopener noreferrer\">https:\/\/www.ihk-regensburg.de\/<\/a><\/p>\n<h2>Angaben zur Berufshaftpflichtversicherung<\/h2>\n<p>Name und Sitz des Versicherers:<br \/>\nGenerali Versicherungs AG<br \/>\nAdenauerring 9<br \/>\n81731 M\u00fcnchen<\/p>\n<p>Geltungsraum der Versicherung: Deutschland<\/p>\n<h2>Verantwortlich f\u00fcr den Inhalt nach \u00a7 55 Abs. 2 RStV:<\/h2>\n<p>Hotel M\u00fcnchner Hof Karin Helmberger OHG<br \/>\nFrau Kathrin Fuchshuber<br \/>\nT\u00e4ndlergasse 9<br \/>\n93047 Regensburg<\/p>\n<p>FXFilm<br \/>\nFelix Bruhns<br \/>\ndipl. multimedia-producer(sae)<br \/>\nGlockengasse 10<br \/>\n93047 Regensburg<\/p>\n<p>Peter Styra<br \/>\nEmmeramsplatz 5<br \/>\n93047 Regensburg<\/p>\n<h2>Streitschlichtung<\/h2>\n<p>Die Europ\u00e4ische Kommission stellt eine Plattform zur Online-Streitbeilegung (OS) bereit: <a href=\"https:\/\/ec.europa.eu\/consumers\/odr\" target=\"_blank\" rel=\"noopener noreferrer\">https:\/\/ec.europa.eu\/consumers\/odr<\/a>.<br \/>\nUnsere E-Mail-Adresse finden Sie oben im Impressum.<\/p>\n<p>Wir sind nicht bereit oder verpflichtet, an Streitbeilegungsverfahren vor einer Verbraucherschlichtungsstelle teilzunehmen.<\/p>\n<h2>Haftung f\u00fcr Inhalte<\/h2>\n<p>Als Diensteanbieter sind wir gem\u00e4\u00df \u00a7 7 Abs.1 TMG f\u00fcr eigene Inhalte auf diesen Seiten nach den allgemeinen Gesetzen verantwortlich. Nach \u00a7\u00a7 8 bis 10 TMG sind wir als Diensteanbieter jedoch nicht verpflichtet, \u00fcbermittelte oder gespeicherte fremde Informationen zu \u00fcberwachen oder nach Umst\u00e4nden zu forschen, die auf eine rechtswidrige T\u00e4tigkeit hinweisen.<\/p>\n<p>Verpflichtungen zur Entfernung oder Sperrung der Nutzung von Informationen nach den allgemeinen Gesetzen bleiben hiervon unber\u00fchrt. Eine diesbez\u00fcgliche Haftung ist jedoch erst ab dem Zeitpunkt der Kenntnis einer konkreten Rechtsverletzung m\u00f6glich. Bei Bekanntwerden von entsprechenden Rechtsverletzungen werden wir diese Inhalte umgehend entfernen.<\/p>\n<h2>Haftung f\u00fcr Links<\/h2>\n<p>Unser Angebot enth\u00e4lt Links zu externen Websites Dritter, auf deren Inhalte wir keinen Einfluss haben. Deshalb k\u00f6nnen wir f\u00fcr diese fremden Inhalte auch keine Gew\u00e4hr \u00fcbernehmen. F\u00fcr die Inhalte der verlinkten Seiten ist stets der jeweilige Anbieter oder Betreiber der Seiten verantwortlich. Die verlinkten Seiten wurden zum Zeitpunkt der Verlinkung auf m\u00f6gliche Rechtsverst\u00f6\u00dfe \u00fcberpr\u00fcft. Rechtswidrige Inhalte waren zum Zeitpunkt der Verlinkung nicht erkennbar.<\/p>\n<p>Eine permanente inhaltliche Kontrolle der verlinkten Seiten ist jedoch ohne konkrete Anhaltspunkte einer Rechtsverletzung nicht zumutbar. Bei Bekanntwerden von Rechtsverletzungen werden wir derartige Links umgehend entfernen.<\/p>\n<h2>Urheberrecht<\/h2>\n<p>Die durch die Seitenbetreiber erstellten Inhalte und Werke auf diesen Seiten unterliegen dem deutschen Urheberrecht. Die Vervielf\u00e4ltigung, Bearbeitung, Verbreitung und jede Art der Verwertung au\u00dferhalb der Grenzen des Urheberrechtes bed\u00fcrfen der schriftlichen Zustimmung des jeweiligen Autors bzw. Erstellers. Downloads und Kopien dieser Seite sind nur f\u00fcr den privaten, nicht kommerziellen Gebrauch gestattet.<\/p>\n<p>Soweit die Inhalte auf dieser Seite nicht vom Betreiber erstellt wurden, werden die Urheberrechte Dritter beachtet. Insbesondere werden Inhalte Dritter als solche gekennzeichnet. Sollten Sie trotzdem auf eine Urheberrechtsverletzung aufmerksam werden, bitten wir um einen entsprechenden Hinweis. Bei Bekanntwerden von Rechtsverletzungen werden wir derartige Inhalte umgehend entfernen.[\/vc_column_text][\/vc_column][\/vc_row]<\/p>\n<\/section>","protected":false},"excerpt":{"rendered":"<p>[vc_row][vc_column][vc_empty_space height=&#8221;&#8221; el_class=&#8221;vertspace&#8221;][\/vc_column][\/vc_row][vc_row][vc_column][vc_column_text] Imprint Angaben gem\u00e4\u00df \u00a7 5 TMG: Hotel M\u00fcnchner Hof Karin Helmberger OHG T\u00e4ndlergasse 9 93047 Regensburg Vertreten durch: Frau Karin Helmberger, Frau Kathrin Fuchshuber Kontakt: Telefon: +49 (0)941 58440 Telefax: +49 (0)941 561709 E-Mail: info@muenchner-hof.de Registereintrag: Eintragung im Handelsregister. Registergericht:Registergericht Regensburg Registernummer: HRA 3463 Umsatzsteuer: Umsatzsteuer-Identifikationsnummer gem\u00e4\u00df \u00a727 a Umsatzsteuergesetz: DE264054551 Aufsichtsbeh\u00f6rde:&hellip;<\/p>\n","protected":false},"author":1,"featured_media":0,"parent":0,"menu_order":0,"comment_status":"closed","ping_status":"closed","template":"","meta":{"footnotes":""},"acf":[],"_links":{"self":[{"href":"https:\/\/muenchner-hof.de\/en\/wp-json\/wp\/v2\/pages\/8329"}],"collection":[{"href":"https:\/\/muenchner-hof.de\/en\/wp-json\/wp\/v2\/pages"}],"about":[{"href":"https:\/\/muenchner-hof.de\/en\/wp-json\/wp\/v2\/types\/page"}],"author":[{"embeddable":true,"href":"https:\/\/muenchner-hof.de\/en\/wp-json\/wp\/v2\/users\/1"}],"replies":[{"embeddable":true,"href":"https:\/\/muenchner-hof.de\/en\/wp-json\/wp\/v2\/comments?post=8329"}],"version-history":[{"count":0,"href":"https:\/\/muenchner-hof.de\/en\/wp-json\/wp\/v2\/pages\/8329\/revisions"}],"wp:attachment":[{"href":"https:\/\/muenchner-hof.de\/en\/wp-json\/wp\/v2\/media?parent=8329"}],"curies":[{"name":"wp","href":"https:\/\/api.w.org\/{rel}","templated":true}]}}