{"id":5670,"date":"2018-12-12T15:31:30","date_gmt":"2018-12-12T14:31:30","guid":{"rendered":"https:\/\/mh.niedermayr.net\/altstadtquartier\/"},"modified":"2024-07-16T07:17:54","modified_gmt":"2024-07-16T05:17:54","slug":"altstadtquartier","status":"publish","type":"page","link":"https:\/\/muenchner-hof.de\/en","title":{"rendered":"Altstadtquartier"},"content":{"rendered":"<section class=\"wpb-content-wrapper\"><div data-post-id=\"your-page-slug\" class=\"insert-page insert-page-your-page-slug \"><\/div>[vc_row][vc_column]\t\t\t<script src=\"\/\/muenchner-hof.de\/wp-content\/plugins\/revslider\/public\/assets\/js\/rbtools.min.js?rev=6.6.18\"><\/script>\n\t\t\t<script src=\"\/\/muenchner-hof.de\/wp-content\/plugins\/revslider\/public\/assets\/js\/rs6.min.js?rev=6.6.18\"><\/script>\n\n\t\t\t<!-- START QUA REVOLUTION SLIDER 6.6.18 --><p class=\"rs-p-wp-fix\"><\/p>\n\t\t\t<rs-module-wrap id=\"rev_slider_17_1_wrapper\" class=\"sliderQua\" data-source=\"gallery\" style=\"visibility:hidden;background:#f7f7f7;padding:0;margin:0px auto;margin-top:0;margin-bottom:0;max-width:100%;\">\n\t\t\t\t<rs-module id=\"rev_slider_17_1\" class=\" rs-ov-hidden\" style=\"\" data-version=\"6.6.18\">\n\t\t\t\t\t<rs-slides style=\"overflow: hidden; position: absolute;\">\n\t\t\t\t\t\t<rs-slide style=\"position: absolute;\" data-key=\"rs-195\" data-title=\"Slide\" data-thumb=\"\/\/muenchner-hof.de\/wp-content\/uploads\/2019\/06\/AltstadtQuartier_Muenchner-hof-regensburg-taendlergasse-mit-aushaengeschild_v02-2-100x50.jpg\" data-anim=\"adpr:false;ms:600;\" data-in=\"o:0;\" data-out=\"a:false;\">\n\t\t\t\t\t\t\t<img decoding=\"async\" src=\"\/\/muenchner-hof.de\/wp-content\/plugins\/revslider\/public\/assets\/assets\/dummy.png\" alt=\"AltstadtQuartier M\u00fcnchner Hof Regensburg T\u00e4ndlergasse-mit Aush\u00e4ngeschild\" title=\"AltstadtQuartier M\u00fcnchner Hof Regensburg T\u00e4ndlergasse-mit Aush\u00e4ngeschild\" width=\"1140\" height=\"640\" class=\"rev-slidebg tp-rs-img rs-lazyload\" data-lazyload=\"\/\/muenchner-hof.de\/wp-content\/uploads\/2019\/06\/AltstadtQuartier_Muenchner-hof-regensburg-taendlergasse-mit-aushaengeschild_v02-2.jpg\" data-parallax=\"off\" data-no-retina>\n<!--\n\t\t\t\t\t\t\t--><rs-layer\n\t\t\t\t\t\t\t\tid=\"slider-17-slide-195-layer-1\" \n\t\t\t\t\t\t\t\tclass=\"slider-font rs-pxl-3\"\n\t\t\t\t\t\t\t\tdata-type=\"text\"\n\t\t\t\t\t\t\t\tdata-color=\"#000000\"\n\t\t\t\t\t\t\t\tdata-rsp_ch=\"on\"\n\t\t\t\t\t\t\t\tdata-xy=\"xo:15px,15px,15px,10px;\"\n\t\t\t\t\t\t\t\tdata-text=\"s:50,50,50,40;l:57,57,57,45;\"\n\t\t\t\t\t\t\t\tdata-frame_1=\"e:easeOutCirc;st:490.00064019647;sR:490.00064019647;\"\n\t\t\t\t\t\t\t\tdata-frame_999=\"st:3999.997990495;sR:3209.9973502985;auto:true;\"\n\t\t\t\t\t\t\t\tstyle=\"z-index:5;background-color:rgba(255,255,255,0);font-family:'Roboto Slab';\"\n\t\t\t\t\t\t\t>IN THE DISTRICT <br>OF\n\u201eSHOPKEEPERS<br>& TRADERS\u201c\u2026 \n\t\t\t\t\t\t\t<\/rs-layer><!--\n-->\t\t\t\t\t\t<\/rs-slide>\n\t\t\t\t\t\t<rs-slide style=\"position: absolute;\" data-key=\"rs-196\" data-title=\"Slide\" data-thumb=\"\/\/muenchner-hof.de\/wp-content\/uploads\/2019\/10\/AltstadtQuartier_Muenchner_Hof_Dom_Die_sch\u00f6ne_Regensburgerin_v02-100x50.jpg\" data-anim=\"adpr:false;ms:600;\" data-in=\"o:0;\" data-out=\"a:false;\">\n\t\t\t\t\t\t\t<img decoding=\"async\" src=\"\/\/muenchner-hof.de\/wp-content\/plugins\/revslider\/public\/assets\/assets\/dummy.png\" alt=\"\" title=\"AltstadtQuartier_Muenchner_Hof_Dom_Die_sch\u00f6ne_Regensburgerin_v02\" width=\"1140\" height=\"640\" class=\"rev-slidebg tp-rs-img rs-lazyload\" data-lazyload=\"\/\/muenchner-hof.de\/wp-content\/uploads\/2019\/10\/AltstadtQuartier_Muenchner_Hof_Dom_Die_sch\u00f6ne_Regensburgerin_v02.jpg\" data-parallax=\"off\" data-no-retina>\n<!--\n\t\t\t\t\t\t\t--><rs-layer\n\t\t\t\t\t\t\t\tid=\"slider-17-slide-196-layer-1\" \n\t\t\t\t\t\t\t\tclass=\"slider-font rs-pxl-3\"\n\t\t\t\t\t\t\t\tdata-type=\"text\"\n\t\t\t\t\t\t\t\tdata-color=\"#000000\"\n\t\t\t\t\t\t\t\tdata-rsp_ch=\"on\"\n\t\t\t\t\t\t\t\tdata-xy=\"xo:15px,15px,15px,10px;\"\n\t\t\t\t\t\t\t\tdata-text=\"s:50,50,50,40;l:57,57,57,45;\"\n\t\t\t\t\t\t\t\tdata-frame_1=\"e:easeOutCirc;st:490.03105715179;sR:490.03105715179;\"\n\t\t\t\t\t\t\t\tdata-frame_999=\"st:w;sR:3209.9872878946;auto:true;\"\n\t\t\t\t\t\t\t\tstyle=\"z-index:5;background-color:rgba(255,255,255,0);font-family:'Roboto Slab';\"\n\t\t\t\t\t\t\t>IN THE DISTRICT <br>OF\n\u201eSHOPKEEPERS<br>& TRADERS\u201c\u2026 \n\t\t\t\t\t\t\t<\/rs-layer><!--\n-->\t\t\t\t\t\t<\/rs-slide>\n\t\t\t\t\t\t<rs-slide style=\"position: absolute;\" data-key=\"rs-194\" data-title=\"qua\" data-thumb=\"\/\/muenchner-hof.de\/wp-content\/uploads\/2019\/07\/DJI_0928_v05_scaled_02-100x50.jpg\" data-anim=\"adpr:false;\" data-in=\"o:0;\" data-out=\"a:false;\">\n\t\t\t\t\t\t\t<img decoding=\"async\" src=\"\/\/muenchner-hof.de\/wp-content\/plugins\/revslider\/public\/assets\/assets\/dummy.png\" alt=\"Altstadtquartier M\u00fcnchner Hof\" title=\"Altstadtquartier M\u00fcnchner Hof\" width=\"1140\" height=\"640\" class=\"rev-slidebg tp-rs-img rs-lazyload\" data-lazyload=\"\/\/muenchner-hof.de\/wp-content\/uploads\/2019\/07\/DJI_0928_v05_scaled_02.jpg\" data-bg=\"p:center bottom;\" data-parallax=\"off\" data-no-retina>\n<!--\n\t\t\t\t\t\t\t--><rs-layer\n\t\t\t\t\t\t\t\tid=\"slider-17-slide-194-layer-1\" \n\t\t\t\t\t\t\t\tclass=\"slider-font rs-pxl-3\"\n\t\t\t\t\t\t\t\tdata-type=\"text\"\n\t\t\t\t\t\t\t\tdata-color=\"#000000\"\n\t\t\t\t\t\t\t\tdata-rsp_ch=\"on\"\n\t\t\t\t\t\t\t\tdata-xy=\"xo:15px,15px,15px,10px;\"\n\t\t\t\t\t\t\t\tdata-text=\"s:50,50,50,40;l:57,57,57,45;\"\n\t\t\t\t\t\t\t\tdata-frame_1=\"e:easeOutCirc;st:490.0636541801;sR:490.0636541801;\"\n\t\t\t\t\t\t\t\tdata-frame_999=\"st:w;sR:3209.9432793852;auto:true;\"\n\t\t\t\t\t\t\t\tstyle=\"z-index:5;background-color:rgba(255,255,255,0);font-family:'Roboto Slab';\"\n\t\t\t\t\t\t\t>IN THE DISTRICT <br>OF\n\u201eSHOPKEEPERS<br>& TRADERS\u201c\u2026 \n\t\t\t\t\t\t\t<\/rs-layer><!--\n-->\t\t\t\t\t\t<\/rs-slide>\n\t\t\t\t\t\t<rs-slide style=\"position: absolute;\" data-key=\"rs-197\" data-title=\"Slide\" data-thumb=\"\/\/muenchner-hof.de\/wp-content\/uploads\/2019\/06\/AltstadtQuartier_Muenchner_Hof_Hofgarten_v02-100x50.jpg\" data-anim=\"adpr:false;ms:600;\" data-in=\"o:0;\" data-out=\"a:false;\">\n\t\t\t\t\t\t\t<img decoding=\"async\" src=\"\/\/muenchner-hof.de\/wp-content\/plugins\/revslider\/public\/assets\/assets\/dummy.png\" alt=\"AltstadtQuartier M\u00fcnchner Hof Hofgarten\" title=\"AltstadtQuartier M\u00fcnchner Hof Hofgarten\" width=\"1140\" height=\"640\" class=\"rev-slidebg tp-rs-img rs-lazyload\" data-lazyload=\"\/\/muenchner-hof.de\/wp-content\/uploads\/2019\/06\/AltstadtQuartier_Muenchner_Hof_Hofgarten_v02.jpg\" data-parallax=\"off\" data-no-retina>\n<!--\n\t\t\t\t\t\t\t--><rs-layer\n\t\t\t\t\t\t\t\tid=\"slider-17-slide-197-layer-1\" \n\t\t\t\t\t\t\t\tclass=\"slider-font rs-pxl-3\"\n\t\t\t\t\t\t\t\tdata-type=\"text\"\n\t\t\t\t\t\t\t\tdata-color=\"#000000\"\n\t\t\t\t\t\t\t\tdata-rsp_ch=\"on\"\n\t\t\t\t\t\t\t\tdata-xy=\"xo:15px,15px,15px,10px;\"\n\t\t\t\t\t\t\t\tdata-text=\"s:50,50,50,40;l:57,57,57,45;\"\n\t\t\t\t\t\t\t\tdata-frame_1=\"e:easeOutCirc;st:490.03105715179;sR:490.03105715179;\"\n\t\t\t\t\t\t\t\tdata-frame_999=\"st:3999.9959614858;sR:3209.964904334;auto:true;\"\n\t\t\t\t\t\t\t\tstyle=\"z-index:5;background-color:rgba(255,255,255,0);font-family:'Roboto Slab';\"\n\t\t\t\t\t\t\t>IN THE DISTRICT <br>OF\n\u201eSHOPKEEPERS<br>& TRADERS\u201c\u2026 \n\t\t\t\t\t\t\t<\/rs-layer><!--\n-->\t\t\t\t\t\t<\/rs-slide>\n\t\t\t\t\t<\/rs-slides>\n\t\t\t\t<\/rs-module>\n\t\t\t\t<script>\n\t\t\t\t\tsetREVStartSize({c: 'rev_slider_17_1',rl:[1200,992,768,480],el:[500,500,500,320],gw:[1140,1024,778,480],gh:[500,500,500,320],type:'standard',justify:'',layout:'fullwidth',mh:\"0\"});if (window.RS_MODULES!==undefined && window.RS_MODULES.modules!==undefined && window.RS_MODULES.modules[\"revslider171\"]!==undefined) {window.RS_MODULES.modules[\"revslider171\"].once = false;window.revapi17 = undefined;if (window.RS_MODULES.checkMinimal!==undefined) window.RS_MODULES.checkMinimal()}\n\t\t\t\t<\/script>\n\t\t\t<\/rs-module-wrap>\n\t\t\t<!-- END REVOLUTION SLIDER -->\n[\/vc_column][\/vc_row][vc_row][vc_column][lab_masonry_portfolio category_filter=&#8221;no&#8221;][lab_masonry_portfolio_item box_size=&#8221;4&#215;3&#8243; portfolio_id=&#8221;5206&#8243;][lab_masonry_portfolio_item portfolio_id=&#8221;5200&#8243;][lab_masonry_portfolio_item portfolio_id=&#8221;5023&#8243;][lab_masonry_portfolio_item box_size=&#8221;4&#215;3&#8243; portfolio_id=&#8221;4671&#8243;][lab_masonry_portfolio_item box_size=&#8221;4&#215;6&#8243; portfolio_id=&#8221;4943&#8243;][lab_masonry_portfolio_item portfolio_id=&#8221;4895&#8243;][lab_masonry_portfolio_item box_size=&#8221;4&#215;3&#8243; portfolio_id=&#8221;4951&#8243;][lab_masonry_portfolio_item box_size=&#8221;4&#215;3&#8243; portfolio_id=&#8221;4948&#8243;][\/lab_masonry_portfolio][\/vc_column][\/vc_row][vc_row][vc_column][vc_masonry_grid post_type=&#8221;post&#8221; max_items=&#8221;-1&#8243; style=&#8221;load-more&#8221; items_per_page=&#8221;6&#8243; gap=&#8221;15&#8243; item=&#8221;5361&#8243; btn_style=&#8221;modern&#8221; btn_color=&#8221;default&#8221; btn_size=&#8221;xs&#8221; grid_id=&#8221;vc_gid:1705415884454-e1cc2c91-cfcf-6&#8243; taxonomies=&#8221;64&#8243; el_class=&#8221;readMore&#8221;][\/vc_column][\/vc_row]<div data-post-id=\"your-page-slug\" class=\"insert-page insert-page-your-page-slug \"><\/div>\n<\/section>","protected":false},"excerpt":{"rendered":"<p>[vc_row][vc_column][\/vc_column][\/vc_row][vc_row][vc_column][lab_masonry_portfolio category_filter=&#8221;no&#8221;][lab_masonry_portfolio_item box_size=&#8221;4&#215;3&#8243; portfolio_id=&#8221;5206&#8243;][lab_masonry_portfolio_item portfolio_id=&#8221;5200&#8243;][lab_masonry_portfolio_item portfolio_id=&#8221;5023&#8243;][lab_masonry_portfolio_item box_size=&#8221;4&#215;3&#8243; portfolio_id=&#8221;4671&#8243;][lab_masonry_portfolio_item box_size=&#8221;4&#215;6&#8243; portfolio_id=&#8221;4943&#8243;][lab_masonry_portfolio_item portfolio_id=&#8221;4895&#8243;][lab_masonry_portfolio_item box_size=&#8221;4&#215;3&#8243; portfolio_id=&#8221;4951&#8243;][lab_masonry_portfolio_item box_size=&#8221;4&#215;3&#8243; portfolio_id=&#8221;4948&#8243;][\/lab_masonry_portfolio][\/vc_column][\/vc_row][vc_row][vc_column][vc_masonry_grid post_type=&#8221;post&#8221; max_items=&#8221;-1&#8243; style=&#8221;load-more&#8221; items_per_page=&#8221;6&#8243; gap=&#8221;15&#8243; item=&#8221;5361&#8243; btn_style=&#8221;modern&#8221; btn_color=&#8221;default&#8221; btn_size=&#8221;xs&#8221; grid_id=&#8221;vc_gid:1705415884454-e1cc2c91-cfcf-6&#8243; taxonomies=&#8221;64&#8243; el_class=&#8221;readMore&#8221;][\/vc_column][\/vc_row]<\/p>\n","protected":false},"author":1,"featured_media":0,"parent":0,"menu_order":0,"comment_status":"closed","ping_status":"closed","template":"","meta":{"footnotes":""},"acf":[],"_links":{"self":[{"href":"https:\/\/muenchner-hof.de\/en\/wp-json\/wp\/v2\/pages\/5670"}],"collection":[{"href":"https:\/\/muenchner-hof.de\/en\/wp-json\/wp\/v2\/pages"}],"about":[{"href":"https:\/\/muenchner-hof.de\/en\/wp-json\/wp\/v2\/types\/page"}],"author":[{"embeddable":true,"href":"https:\/\/muenchner-hof.de\/en\/wp-json\/wp\/v2\/users\/1"}],"replies":[{"embeddable":true,"href":"https:\/\/muenchner-hof.de\/en\/wp-json\/wp\/v2\/comments?post=5670"}],"version-history":[{"count":6,"href":"https:\/\/muenchner-hof.de\/en\/wp-json\/wp\/v2\/pages\/5670\/revisions"}],"predecessor-version":[{"id":10969,"href":"https:\/\/muenchner-hof.de\/en\/wp-json\/wp\/v2\/pages\/5670\/revisions\/10969"}],"wp:attachment":[{"href":"https:\/\/muenchner-hof.de\/en\/wp-json\/wp\/v2\/media?parent=5670"}],"curies":[{"name":"wp","href":"https:\/\/api.w.org\/{rel}","templated":true}]}}